{"id":243,"date":"2022-02-04T14:39:50","date_gmt":"2022-02-04T13:39:50","guid":{"rendered":"https:\/\/web.mastaing.fr\/?page_id=243"},"modified":"2022-09-22T09:25:44","modified_gmt":"2022-09-22T07:25:44","slug":"demarches-dematerialisees","status":"publish","type":"page","link":"https:\/\/www.mastaing.fr\/index.php\/demarches-dematerialisees\/","title":{"rendered":"d\u00e9marches d\u00e9mat\u00e9rialis\u00e9es"},"content":{"rendered":"<p>[et_pb_section fb_built=\u00a0\u00bb1&Prime; _builder_version=\u00a0\u00bb4.16&Prime; _module_preset=\u00a0\u00bbdefault\u00a0\u00bb global_colors_info=\u00a0\u00bb{}\u00a0\u00bb][et_pb_row column_structure=\u00a0\u00bb1_3,1_3,1_3&Prime; _builder_version=\u00a0\u00bb4.16&Prime; _module_preset=\u00a0\u00bbdefault\u00a0\u00bb global_colors_info=\u00a0\u00bb{}\u00a0\u00bb][et_pb_column type=\u00a0\u00bb1_3&Prime; _builder_version=\u00a0\u00bb4.16&Prime; _module_preset=\u00a0\u00bbdefault\u00a0\u00bb global_colors_info=\u00a0\u00bb{}\u00a0\u00bb][et_pb_image src=\u00a0\u00bbhttps:\/\/www.mastaing.fr\/wp-content\/uploads\/2022\/02\/Guichet-Num_detail_news.jpg\u00a0\u00bb title_text=\u00a0\u00bbGuichet-Num_detail_news\u00a0\u00bb url=\u00a0\u00bbhttp:\/\/gnau2.operis.fr\/guichetnumeriqueurbanisme\u00a0\u00bb _builder_version=\u00a0\u00bb4.16&Prime; _module_preset=\u00a0\u00bbdefault\u00a0\u00bb global_colors_info=\u00a0\u00bb{}\u00a0\u00bb][\/et_pb_image][et_pb_text _builder_version=\u00a0\u00bb4.16&Prime; _module_preset=\u00a0\u00bbdefault\u00a0\u00bb global_colors_info=\u00a0\u00bb{}\u00a0\u00bb]<\/p>\n<p>Autorisations d&rsquo;Urbanisme<\/p>\n<p>Ce guichet permet d\u00e9sormais la d\u00e9mat\u00e9rialisation des autorisations d&rsquo;urbanisme : les DIA, les certificats d&rsquo;urbanisme, les permis de construire, d\u00e9clarations pr\u00e9alables&#8230;<\/p>\n<p>Adresse : <a href=\"http:\/\/gnau2.operis.fr\/guichetnumeriqueurbanisme?fbclid=IwAR3X73-rpDiN6v592v8luRFpnE--uwcWbZEfbjIeT_g796u7ZrfPFaG8tXo\" target=\"_blank\" rel=\"noopener\">gnau2.operis.fr\/guichetnumeriqueurbanisme<\/a><\/p>\n<p>[\/et_pb_text][\/et_pb_column][et_pb_column type=\u00a0\u00bb1_3&Prime; _builder_version=\u00a0\u00bb4.16&Prime; _module_preset=\u00a0\u00bbdefault\u00a0\u00bb global_colors_info=\u00a0\u00bb{}\u00a0\u00bb][et_pb_image src=\u00a0\u00bbhttps:\/\/www.mastaing.fr\/wp-content\/uploads\/2022\/02\/carte-electorale-qr-code.jpg\u00a0\u00bb title_text=\u00a0\u00bbcarte-electorale-qr-code\u00a0\u00bb url=\u00a0\u00bbhttps:\/\/www.elections.interieur.gouv.fr\/\u00a0\u00bb _builder_version=\u00a0\u00bb4.16&Prime; _module_preset=\u00a0\u00bbdefault\u00a0\u00bb global_colors_info=\u00a0\u00bb{}\u00a0\u00bb][\/et_pb_image][et_pb_text _builder_version=\u00a0\u00bb4.16&Prime; _module_preset=\u00a0\u00bbdefault\u00a0\u00bb link_option_url=\u00a0\u00bbhttps:\/\/www.elections.interieur.gouv.fr\/\u00a0\u00bb global_colors_info=\u00a0\u00bb{}\u00a0\u00bb]<\/p>\n<p>Elections<\/p>\n<p>Pour vous inscrire aux prochaines \u00e9lections, v\u00e9rifier votre inscription ou faire une procuration.<\/p>\n<p>&nbsp;<\/p>\n<p>Adresse :<\/p>\n<p><a href=\"https:\/\/www.elections.interieur.gouv.fr\/\">https:\/\/www.elections.interieur.gouv.fr\/<\/a><\/p>\n<p>[\/et_pb_text][\/et_pb_column][et_pb_column type=\u00a0\u00bb1_3&Prime; _builder_version=\u00a0\u00bb4.16&Prime; _module_preset=\u00a0\u00bbdefault\u00a0\u00bb global_colors_info=\u00a0\u00bb{}\u00a0\u00bb][et_pb_image src=\u00a0\u00bbhttps:\/\/www.mastaing.fr\/wp-content\/uploads\/2022\/02\/medaille_travail.png\u00a0\u00bb title_text=\u00a0\u00bbmedaille_travail\u00a0\u00bb url=\u00a0\u00bbhttp:\/\/www.demarches-simplifiees.fr\/commencer\/mhtravail\u00a0\u00bb _builder_version=\u00a0\u00bb4.16&Prime; _module_preset=\u00a0\u00bbdefault\u00a0\u00bb global_colors_info=\u00a0\u00bb{}\u00a0\u00bb][\/et_pb_image][et_pb_text _builder_version=\u00a0\u00bb4.16&Prime; _module_preset=\u00a0\u00bbdefault\u00a0\u00bb global_colors_info=\u00a0\u00bb{}\u00a0\u00bb]<\/p>\n<p class=\" text-justify\">\n<p class=\" text-justify\">\n<p class=\" text-justify\">M\u00e9daille du travail<\/p>\n<p class=\" text-justify\">\n<p class=\" text-justify\">Depuis le 1er f\u00e9vrier 2020, la demande de m\u00e9daille d\u2019honneur du Travail doit \u00eatre obligatoirement d\u00e9pos\u00e9e en ligne sur le portail \u00ab d\u00e9marches simplifi\u00e9es \u00bb en cliquant sur le lien : <a href=\"http:\/\/www.demarches-simplifiees.fr\/commencer\/mhtravail\" target=\"_self\" rel=\"noopener\">http:\/\/www.demarches-simplifiees.fr\/commencer\/mhtravail<\/a> .<\/p>\n<p><b>Les dossiers papiers ne sont plus accept\u00e9s \u00e0 partir de cette date.<\/b><\/p>\n<p>.<\/p>\n<p>[\/et_pb_text][\/et_pb_column][\/et_pb_row][et_pb_row _builder_version=\u00a0\u00bb4.18.0&Prime; _module_preset=\u00a0\u00bbdefault\u00a0\u00bb column_structure=\u00a0\u00bb1_3,1_3,1_3&Prime;][et_pb_column _builder_version=\u00a0\u00bb4.18.0&Prime; _module_preset=\u00a0\u00bbdefault\u00a0\u00bb type=\u00a0\u00bb1_3&Prime;][et_pb_image src=\u00a0\u00bbhttps:\/\/www.mastaing.fr\/wp-content\/uploads\/2022\/09\/800-acte-de-naissance.jpg\u00a0\u00bb _builder_version=\u00a0\u00bb4.18.0&Prime; _module_preset=\u00a0\u00bbdefault\u00a0\u00bb title_text=\u00a0\u00bb800-acte-de-naissance\u00a0\u00bb hover_enabled=\u00a0\u00bb0&Prime; sticky_enabled=\u00a0\u00bb0&Prime;][\/et_pb_image][et_pb_text _builder_version=\u00a0\u00bb4.18.0&Prime; _module_preset=\u00a0\u00bbdefault\u00a0\u00bb hover_enabled=\u00a0\u00bb0&Prime; sticky_enabled=\u00a0\u00bb0&Prime;]<\/p>\n<p>&nbsp;<\/p>\n<p>Demande d&rsquo;Acte de Naissance<\/p>\n<p>&nbsp;<\/p>\n<p>Les d\u00e9marches pour obtenir un extrait d&rsquo;acte de naissance peuvent \u00eatre faites en ligne aupr\u00e8s de service-public.fr<\/p>\n<p>Adresse:<\/p>\n<p>\u00a0<a href=\"https:\/\/www.service-public.fr\/compte\/activer-un-espace-particulier?lienDemarche=https:\/\/psl.service-public.fr\/mademarche\/EtatCivil\/demarche?action=NAISSANCE\">https:\/\/www.service-public.fr<\/a><\/p>\n<p>[\/et_pb_text][\/et_pb_column][et_pb_column _builder_version=\u00a0\u00bb4.18.0&Prime; _module_preset=\u00a0\u00bbdefault\u00a0\u00bb type=\u00a0\u00bb1_3&Prime;][et_pb_image src=\u00a0\u00bbhttps:\/\/www.mastaing.fr\/wp-content\/uploads\/2022\/09\/etat_civil_410x274_3_0x0_0_FFFFFF.jpg\u00a0\u00bb _builder_version=\u00a0\u00bb4.18.0&Prime; _module_preset=\u00a0\u00bbdefault\u00a0\u00bb title_text=\u00a0\u00bbetat_civil!_410x274!_3!_0x0!_0!_FFFFFF\u00a0\u00bb hover_enabled=\u00a0\u00bb0&Prime; sticky_enabled=\u00a0\u00bb0&Prime;][\/et_pb_image][et_pb_text _builder_version=\u00a0\u00bb4.18.0&Prime; _module_preset=\u00a0\u00bbdefault\u00a0\u00bb hover_enabled=\u00a0\u00bb0&Prime; sticky_enabled=\u00a0\u00bb0&Prime;]<\/p>\n<p>Demande d&rsquo;Acte de Mariage<\/p>\n<p>\u00a0Les d\u00e9marches pour obtenir un extrait d&rsquo;acte de mariage peuvent \u00eatre faites en ligne aupr\u00e8s de service-public.fr<\/p>\n<p>Adresse:<\/p>\n<p>\u00a0<a href=\"https:\/\/www.service-public.fr\/compte\/activer-un-espace-particulier?lienDemarche=https:\/\/psl.service-public.fr\/mademarche\/EtatCivil\/demarche?action=MARIAGE\">https:\/\/www.service-public.fr<\/a><\/p>\n<p>[\/et_pb_text][\/et_pb_column][et_pb_column _builder_version=\u00a0\u00bb4.18.0&Prime; _module_preset=\u00a0\u00bbdefault\u00a0\u00bb type=\u00a0\u00bb1_3&Prime;][et_pb_image src=\u00a0\u00bbhttps:\/\/www.mastaing.fr\/wp-content\/uploads\/2022\/09\/acte_deces.jpg\u00a0\u00bb _builder_version=\u00a0\u00bb4.18.0&Prime; _module_preset=\u00a0\u00bbdefault\u00a0\u00bb title_text=\u00a0\u00bbacte_d\u00e9c\u00e8s\u00a0\u00bb hover_enabled=\u00a0\u00bb0&Prime; sticky_enabled=\u00a0\u00bb0&Prime;][\/et_pb_image][et_pb_text _builder_version=\u00a0\u00bb4.18.0&Prime; _module_preset=\u00a0\u00bbdefault\u00a0\u00bb]<\/p>\n<p>Demande d&rsquo;Acte de D\u00e9c\u00e8s<\/p>\n<p>\u00a0Les d\u00e9marches pour obtenir un extrait d&rsquo;acte de d\u00e9c\u00e8s ou de transcription de d\u00e9c\u00e8s peuvent \u00eatre faites en ligne aupr\u00e8s de service-public.fr<\/p>\n<p>Adresse:<\/p>\n<p>\u00a0<a href=\"https:\/\/www.service-public.fr\/compte\/activer-un-espace-particulier?lienDemarche=https:\/\/psl.service-public.fr\/mademarche\/EtatCivil\/demarche?action=MARIAGE\">https:\/\/www.service-public.fr<\/a><\/p>\n<p>[\/et_pb_text][\/et_pb_column][\/et_pb_row][et_pb_row column_structure=\u00a0\u00bb1_3,1_3,1_3&Prime; _builder_version=\u00a0\u00bb4.16&Prime; _module_preset=\u00a0\u00bbdefault\u00a0\u00bb global_colors_info=\u00a0\u00bb{}\u00a0\u00bb][et_pb_column type=\u00a0\u00bb1_3&Prime; _builder_version=\u00a0\u00bb4.16&Prime; _module_preset=\u00a0\u00bbdefault\u00a0\u00bb global_colors_info=\u00a0\u00bb{}\u00a0\u00bb][et_pb_image src=\u00a0\u00bbhttps:\/\/www.mastaing.fr\/wp-content\/uploads\/2022\/02\/cni.jpg\u00a0\u00bb title_text=\u00a0\u00bbcni\u00a0\u00bb _builder_version=\u00a0\u00bb4.16&Prime; _module_preset=\u00a0\u00bbdefault\u00a0\u00bb global_colors_info=\u00a0\u00bb{}\u00a0\u00bb][\/et_pb_image][et_pb_text _builder_version=\u00a0\u00bb4.16&Prime; _module_preset=\u00a0\u00bbdefault\u00a0\u00bb global_colors_info=\u00a0\u00bb{}\u00a0\u00bb]<\/p>\n<p>Carte d&rsquo;Identit\u00e9 et Passeport<\/p>\n<p>La commune de Mastaing ne d\u00e9livre pas de Carte Nationale d&rsquo;Identit\u00e9 ni de Passeport n&rsquo;ayant pas de dispositif de relev\u00e9 d&#8217;empreintes.<\/p>\n<p>La d\u00e9marche peut \u00eatre entam\u00e9 aupr\u00e8s de l&rsquo;ANTS.<\/p>\n<p>Adresse :<\/p>\n<p><a href=\"https:\/\/passeport.ants.gouv.fr\/\">https:\/\/passeport.ants.gouv.fr\/<\/a><\/p>\n<p>&nbsp;<\/p>\n<p>&nbsp;<\/p>\n<p>&nbsp;<\/p>\n<p>[\/et_pb_text][\/et_pb_column][et_pb_column type=\u00a0\u00bb1_3&Prime; _builder_version=\u00a0\u00bb4.16&Prime; _module_preset=\u00a0\u00bbdefault\u00a0\u00bb global_colors_info=\u00a0\u00bb{}\u00a0\u00bb][et_pb_image src=\u00a0\u00bbhttps:\/\/www.mastaing.fr\/wp-content\/uploads\/2022\/02\/cartegrise.png\u00a0\u00bb title_text=\u00a0\u00bbcartegrise\u00a0\u00bb url=\u00a0\u00bbhttps:\/\/immatriculation.ants.gouv.fr\/\u00a0\u00bb _builder_version=\u00a0\u00bb4.16&Prime; _module_preset=\u00a0\u00bbdefault\u00a0\u00bb global_colors_info=\u00a0\u00bb{}\u00a0\u00bb][\/et_pb_image][et_pb_text _builder_version=\u00a0\u00bb4.16&Prime; _module_preset=\u00a0\u00bbdefault\u00a0\u00bb global_colors_info=\u00a0\u00bb{}\u00a0\u00bb]<\/p>\n<p>Immatriculation et Permis de Conduire<\/p>\n<p>Toutes les d\u00e9marches sont \u00e0 effectuer en ligne sur le site de l&rsquo;ANTS.<\/p>\n<p>Adresse :<\/p>\n<p><a href=\"https:\/\/immatriculation.ants.gouv.fr\/\">https:\/\/immatriculation.ants.gouv.fr\/<\/a><\/p>\n<p>[\/et_pb_text][\/et_pb_column][et_pb_column type=\u00a0\u00bb1_3&Prime; _builder_version=\u00a0\u00bb4.16&Prime; _module_preset=\u00a0\u00bbdefault\u00a0\u00bb global_colors_info=\u00a0\u00bb{}\u00a0\u00bb][et_pb_image src=\u00a0\u00bbhttps:\/\/www.mastaing.fr\/wp-content\/uploads\/2022\/02\/associations-demande-de-subvention.jpg\u00a0\u00bb title_text=\u00a0\u00bbassociations-demande-de-subvention\u00a0\u00bb url=\u00a0\u00bbhttps:\/\/www.service-public.fr\/associations\/vosdroits\/R1271&Prime; _builder_version=\u00a0\u00bb4.16&Prime; _module_preset=\u00a0\u00bbdefault\u00a0\u00bb global_colors_info=\u00a0\u00bb{}\u00a0\u00bb][\/et_pb_image][et_pb_text _builder_version=\u00a0\u00bb4.16&Prime; _module_preset=\u00a0\u00bbdefault\u00a0\u00bb global_colors_info=\u00a0\u00bb{}\u00a0\u00bb]<\/p>\n<p>Demande de subvention<\/p>\n<p>Les associations demandant une subvention \u00e0 la commune de Mastaing peuvent utiliser le service en ligne \u00e7i dessous :<\/p>\n<p>\u00a0Adresse :<\/p>\n<p><a href=\"https:\/\/www.service-public.fr\/associations\/vosdroits\/R1271\">https:\/\/www.service-public.fr\/associations\/vosdroits\/R1271<\/a><\/p>\n<p>[\/et_pb_text][\/et_pb_column][\/et_pb_row][\/et_pb_section][et_pb_section fb_built=\u00a0\u00bb1&Prime; _builder_version=\u00a0\u00bb4.16&Prime; _module_preset=\u00a0\u00bbdefault\u00a0\u00bb global_colors_info=\u00a0\u00bb{}\u00a0\u00bb][et_pb_row _builder_version=\u00a0\u00bb4.16&Prime; _module_preset=\u00a0\u00bbdefault\u00a0\u00bb global_colors_info=\u00a0\u00bb{}\u00a0\u00bb][et_pb_column type=\u00a0\u00bb4_4&Prime; _builder_version=\u00a0\u00bb4.16&Prime; _module_preset=\u00a0\u00bbdefault\u00a0\u00bb global_colors_info=\u00a0\u00bb{}\u00a0\u00bb][\/et_pb_column][\/et_pb_row][\/et_pb_section]<\/p>\n","protected":false},"excerpt":{"rendered":"<p>Autorisations d&rsquo;Urbanisme Ce guichet permet d\u00e9sormais la d\u00e9mat\u00e9rialisation des autorisations d&rsquo;urbanisme : les DIA, les certificats d&rsquo;urbanisme, les permis de construire, d\u00e9clarations pr\u00e9alables&#8230; Adresse : gnau2.operis.fr\/guichetnumeriqueurbanismeElections Pour vous inscrire aux prochaines \u00e9lections, v\u00e9rifier votre inscription ou faire une procuration. &nbsp; Adresse : https:\/\/www.elections.interieur.gouv.fr\/ M\u00e9daille du travail Depuis le 1er f\u00e9vrier 2020, la demande de m\u00e9daille [&hellip;]<\/p>\n","protected":false},"author":1,"featured_media":0,"parent":0,"menu_order":0,"comment_status":"closed","ping_status":"closed","template":"","meta":{"_et_pb_use_builder":"on","_et_pb_old_content":"","_et_gb_content_width":"","footnotes":""},"class_list":["post-243","page","type-page","status-publish","hentry"],"_links":{"self":[{"href":"https:\/\/www.mastaing.fr\/index.php\/wp-json\/wp\/v2\/pages\/243","targetHints":{"allow":["GET"]}}],"collection":[{"href":"https:\/\/www.mastaing.fr\/index.php\/wp-json\/wp\/v2\/pages"}],"about":[{"href":"https:\/\/www.mastaing.fr\/index.php\/wp-json\/wp\/v2\/types\/page"}],"author":[{"embeddable":true,"href":"https:\/\/www.mastaing.fr\/index.php\/wp-json\/wp\/v2\/users\/1"}],"replies":[{"embeddable":true,"href":"https:\/\/www.mastaing.fr\/index.php\/wp-json\/wp\/v2\/comments?post=243"}],"version-history":[{"count":5,"href":"https:\/\/www.mastaing.fr\/index.php\/wp-json\/wp\/v2\/pages\/243\/revisions"}],"predecessor-version":[{"id":374,"href":"https:\/\/www.mastaing.fr\/index.php\/wp-json\/wp\/v2\/pages\/243\/revisions\/374"}],"wp:attachment":[{"href":"https:\/\/www.mastaing.fr\/index.php\/wp-json\/wp\/v2\/media?parent=243"}],"curies":[{"name":"wp","href":"https:\/\/api.w.org\/{rel}","templated":true}]}}