{"id":205,"date":"2021-04-23T16:21:18","date_gmt":"2021-04-23T14:21:18","guid":{"rendered":"https:\/\/web.mastaing.fr\/?page_id=205"},"modified":"2021-04-23T16:21:18","modified_gmt":"2021-04-23T14:21:18","slug":"annuaire-des-professionnels","status":"publish","type":"page","link":"https:\/\/www.mastaing.fr\/index.php\/annuaire-des-professionnels\/","title":{"rendered":"Annuaire des Professionnels"},"content":{"rendered":"<p>[et_pb_section fb_built=\u00a0\u00bb1&Prime; _builder_version=\u00a0\u00bb4.9.4&Prime; _module_preset=\u00a0\u00bbdefault\u00a0\u00bb][et_pb_row _builder_version=\u00a0\u00bb4.9.4&Prime; _module_preset=\u00a0\u00bbdefault\u00a0\u00bb column_structure=\u00a0\u00bb1_3,1_3,1_3&Prime;][et_pb_column _builder_version=\u00a0\u00bb4.9.4&Prime; _module_preset=\u00a0\u00bbdefault\u00a0\u00bb type=\u00a0\u00bb1_3&Prime;][et_pb_text _builder_version=\u00a0\u00bb4.9.4&Prime; _module_preset=\u00a0\u00bbdefault\u00a0\u00bb hover_enabled=\u00a0\u00bb0&Prime; sticky_enabled=\u00a0\u00bb0&Prime;]<\/p>\n<p style=\"text-align: center;\">Au bon accueil<\/p>\n<p style=\"text-align: center;\">Boulangerie<\/p>\n<p style=\"text-align: center;\">13 rue Jean JAURES<\/p>\n<p style=\"text-align: center;\">03.27.35.88.95<\/p>\n<p>[\/et_pb_text][\/et_pb_column][et_pb_column _builder_version=\u00a0\u00bb4.9.4&Prime; _module_preset=\u00a0\u00bbdefault\u00a0\u00bb type=\u00a0\u00bb1_3&Prime;][et_pb_text _builder_version=\u00a0\u00bb4.9.4&Prime; _module_preset=\u00a0\u00bbdefault\u00a0\u00bb hover_enabled=\u00a0\u00bb0&Prime; sticky_enabled=\u00a0\u00bb0&Prime;]<\/p>\n<p style=\"text-align: center;\">Caf\u00e9 de la Mairie<\/p>\n<p style=\"text-align: center;\">Caf\u00e9 &#8211; Tabac<\/p>\n<p style=\"text-align: center;\">26 rue Jean JAURES<\/p>\n<p style=\"text-align: center;\">03.27.35.88.96<\/p>\n<p>[\/et_pb_text][\/et_pb_column][et_pb_column _builder_version=\u00a0\u00bb4.9.4&Prime; _module_preset=\u00a0\u00bbdefault\u00a0\u00bb type=\u00a0\u00bb1_3&Prime;][et_pb_text _builder_version=\u00a0\u00bb4.9.4&Prime; _module_preset=\u00a0\u00bbdefault\u00a0\u00bb hover_enabled=\u00a0\u00bb0&Prime; sticky_enabled=\u00a0\u00bb0&Prime;]<\/p>\n<p style=\"text-align: center;\">PULSAT<\/p>\n<p style=\"text-align: center;\">TV, Hifi, Video, Electrom\u00e9nager<\/p>\n<p style=\"text-align: center;\">20 rue Jean JAURES<\/p>\n<p style=\"text-align: center;\">03.27.35.70.59<\/p>\n<p>[\/et_pb_text][\/et_pb_column][\/et_pb_row][\/et_pb_section]<\/p>\n","protected":false},"excerpt":{"rendered":"<p>Au bon accueil Boulangerie 13 rue Jean JAURES 03.27.35.88.95Caf\u00e9 de la Mairie Caf\u00e9 &#8211; Tabac 26 rue Jean JAURES 03.27.35.88.96PULSAT TV, Hifi, Video, Electrom\u00e9nager 20 rue Jean JAURES 03.27.35.70.59<\/p>\n","protected":false},"author":1,"featured_media":0,"parent":0,"menu_order":0,"comment_status":"closed","ping_status":"closed","template":"","meta":{"_et_pb_use_builder":"on","_et_pb_old_content":"","_et_gb_content_width":"","footnotes":""},"class_list":["post-205","page","type-page","status-publish","hentry"],"_links":{"self":[{"href":"https:\/\/www.mastaing.fr\/index.php\/wp-json\/wp\/v2\/pages\/205","targetHints":{"allow":["GET"]}}],"collection":[{"href":"https:\/\/www.mastaing.fr\/index.php\/wp-json\/wp\/v2\/pages"}],"about":[{"href":"https:\/\/www.mastaing.fr\/index.php\/wp-json\/wp\/v2\/types\/page"}],"author":[{"embeddable":true,"href":"https:\/\/www.mastaing.fr\/index.php\/wp-json\/wp\/v2\/users\/1"}],"replies":[{"embeddable":true,"href":"https:\/\/www.mastaing.fr\/index.php\/wp-json\/wp\/v2\/comments?post=205"}],"version-history":[{"count":0,"href":"https:\/\/www.mastaing.fr\/index.php\/wp-json\/wp\/v2\/pages\/205\/revisions"}],"wp:attachment":[{"href":"https:\/\/www.mastaing.fr\/index.php\/wp-json\/wp\/v2\/media?parent=205"}],"curies":[{"name":"wp","href":"https:\/\/api.w.org\/{rel}","templated":true}]}}