{"id":184,"date":"2021-04-23T11:47:59","date_gmt":"2021-04-23T09:47:59","guid":{"rendered":"https:\/\/web.mastaing.fr\/?page_id=184"},"modified":"2021-04-23T11:47:59","modified_gmt":"2021-04-23T09:47:59","slug":"leglise","status":"publish","type":"page","link":"https:\/\/www.mastaing.fr\/index.php\/leglise\/","title":{"rendered":"L&rsquo;\u00e9glise"},"content":{"rendered":"<p>[et_pb_section fb_built=\u00a0\u00bb1&Prime; _builder_version=\u00a0\u00bb4.9.4&Prime; _module_preset=\u00a0\u00bbdefault\u00a0\u00bb hover_enabled=\u00a0\u00bb0&Prime; sticky_enabled=\u00a0\u00bb0&Prime;][et_pb_row _builder_version=\u00a0\u00bb4.9.4&Prime; _module_preset=\u00a0\u00bbdefault\u00a0\u00bb column_structure=\u00a0\u00bb1_4,3_4&Prime;][et_pb_column _builder_version=\u00a0\u00bb4.9.4&Prime; _module_preset=\u00a0\u00bbdefault\u00a0\u00bb type=\u00a0\u00bb1_4&Prime;][et_pb_image src=\u00a0\u00bbhttps:\/\/www.mastaing.fr\/wp-content\/uploads\/2021\/04\/1280px-Mastaing_-_Eglise_Saint-Martin_06.jpg\u00a0\u00bb _builder_version=\u00a0\u00bb4.9.4&Prime; _module_preset=\u00a0\u00bbdefault\u00a0\u00bb hover_enabled=\u00a0\u00bb0&Prime; sticky_enabled=\u00a0\u00bb0&Prime; title_text=\u00a0\u00bb1280px-Mastaing_-_\u00c9glise_Saint-Martin_(06)\u00a0\u00bb][\/et_pb_image][et_pb_image src=\u00a0\u00bbhttps:\/\/web.mastaing.fr\/wp-content\/uploads\/2021\/04\/eglise_mastaing.jpg\u00a0\u00bb _builder_version=\u00a0\u00bb4.9.4&Prime; _module_preset=\u00a0\u00bbdefault\u00a0\u00bb hover_enabled=\u00a0\u00bb0&Prime; sticky_enabled=\u00a0\u00bb0&Prime; title_text=\u00a0\u00bbeglise_mastaing\u00a0\u00bb][\/et_pb_image][\/et_pb_column][et_pb_column _builder_version=\u00a0\u00bb4.9.4&Prime; _module_preset=\u00a0\u00bbdefault\u00a0\u00bb type=\u00a0\u00bb3_4&Prime;][et_pb_text _builder_version=\u00a0\u00bb4.9.4&Prime; _module_preset=\u00a0\u00bbdefault\u00a0\u00bb hover_enabled=\u00a0\u00bb0&Prime; sticky_enabled=\u00a0\u00bb0&Prime;]<\/p>\n<h2 style=\"text-align: justify;\">L&rsquo;\u00e9glise<\/h2>\n<p>&nbsp;<\/p>\n<p style=\"text-align: justify;\">Une \u00e9glise est attest\u00e9e en 1122, remplac\u00e9e par cet \u00e9difice en pierre blanche du pays, b\u00e2ti par les abbayes de Saint Amand et de Marchiennes, en conservant une partie des fondations primitives.<\/p>\n<p style=\"text-align: justify;\">L&rsquo;\u00e9glise a \u00e9t\u00e9 \u00e9lev\u00e9e au milieu d&rsquo;un cimeti\u00e8re fortifi\u00e9, prot\u00e9g\u00e9 de murs, renforc\u00e9 de tourelles, dont deux ont subsist\u00e9. La tour en pierre est surmont\u00e9e d&rsquo;une fl\u00e8che couverte \u00e0 la base d&rsquo;un bulbe octogonal, supportant un second bulbe.<br \/>Les vo\u00fbtes de la nef et des bas-c\u00f4t\u00e9s sont class\u00e9es depuis 1921.<br \/>L&rsquo;\u00e9glise abrite, un ensemble de boiseries class\u00e9es (lambris, stalles, choeur), ainsi qu&rsquo;une chaire en bois sculpt\u00e9, repr\u00e9sentant des motifs v\u00e9g\u00e9taux et des portraits des saints Pierre et Paul et du Christ sur la cuve.<\/p>\n<p>Avant Propos,<\/p>\n<p>Construit sous les auspices des abbayes de Marchiennes et de Saint-Amand, malgr\u00e9 ses d\u00e9vastations, ce monument est un des plus int\u00e9ressant des anciens Pays-Bas Fran\u00e7ais.<br \/>Il renferme des tr\u00e9sors d&rsquo;art ; ce foyer d&rsquo;art et de vie intellectuelle attire de loin les visiteurs.<br \/>Cet \u00e9difice date du d\u00e9but 16i\u00e8me si\u00e8cle, achev\u00e9 entre 1520 et 1530 avec ses adjonctions au 18i\u00e8me si\u00e8cle. Le mobilier a \u00e9t\u00e9 en grande partie ex\u00e9cut\u00e9 au 17i\u00e8me si\u00e8cle.<\/p>\n<p>Architecture,<\/p>\n<p>Le clocher ectuel, form\u00e9 d&rsquo;une tour carr\u00e9e en pierres blanches, se termine par un bulbe en ardoises ressemblant \u00e0 un casque \u00e0 pointe gigantesque. Il remplace un clocher initial surmont\u00e9 d&rsquo;une fl\u00e9che pyramidale en ardoises comme le montre la gouache du Duc de Cro\u00ff ex\u00e9cut\u00e9e vers 1600.<br \/>Le clocher, tragiquement d\u00e9chiquet\u00e9 en 1712 lors de la bataille de Denain, fut b\u00e9ni avec quatre nouvelles cloches le 30 Juillet 1736 en pr\u00e9sence de P.T Tredel cur\u00e9, et Martin Richez mayeur et censier de Mme la Comtesse de Mastaing.<br \/>La fa\u00e7ade sud comprend trois pignons aigus perc\u00e9s chacun d&rsquo;une fen\u00eatre ogivale avec des contreforts surmont\u00e9s d&rsquo;une gargouille. Le quatri\u00e8me pignon forme le bras du transept. L&rsquo;ouverture plein cintre est surmont\u00e9 d&rsquo;un fronton de style classique.<\/p>\n<p>L&rsquo;\u00e9glise et ses malheurs,<\/p>\n<p>L&rsquo;\u00e9glise comme le ch\u00e2teau du village, eut beaucoup \u00e0 souffir des guerres, de la r\u00e9volution de 1789 et des intemp\u00e9ries :<\/p>\n<p>&#8211; En 1681 le choeur de l&rsquo;\u00e9glise d\u00fbt \u00eatre refait \u00e0 cause d&rsquo;un incendie.<br \/>&#8211; En 1712, lors de la guerre de succession d&rsquo;Espagne, le clocher, la fl\u00eache, et les cloches sont an\u00e9antis.<\/p>\n<p>&#8211; Pendant la R\u00e9volution trois cloches furent enlev\u00e9es pour devenir des canons.<br \/>&#8211; L&rsquo;\u00e9glise promise \u00e0 la d\u00e9molition, fut vendue comme bien national le 7 Germinal an 7 (28 Mars 1799)<br \/>&#8211; Le m\u00eame jour 114 habitants, soit la totalit\u00e9 des hommes du village la rachet\u00e8rent : l&rsquo;\u00e9glise \u00e9chappant ainsi \u00e0 la destruction.<br \/>-En 1876, le 12 Mars; un ouragan m\u00e9morable occasionne pour 8 750 F de l&rsquo;\u00e9poque des dommages \u00e0 l&rsquo;ext\u00e9rieur.<br \/>&#8211; Le 6 ao\u00fbt 1899, la foudre s&rsquo;abat sur le clocher.<br \/>&#8211; Apr\u00e9s l&rsquo;enl\u00e9vement des trois cloches par les allemands en 1917, lors de leur retraite en octobre 1918 un obus creva le toit des fonts baptistaux et d\u00e9t\u00e9riora les vitraux.<br \/>&#8211; Enfin lors de la bataille de l&rsquo;Escaut en Mai 1940 l&rsquo;\u00e9difice fut s\u00e9v\u00e8rement touch\u00e9 par les obus Allemands ce qui obligea \u00e0 le d\u00e9saffecter en 1943 et \u00e0 le remplacer par un b\u00e2timent provisoire sur la place.<\/p>\n<p>Pour finir,<\/p>\n<p>Aujourd&rsquo;hui l&rsquo;\u00e9glise, d\u00e9gag\u00e9e des murs du vieux cimeti\u00e8re d\u00e9saffect\u00e9s depuis 1900, tr\u00f4ne dans toute sa splendeur ; un bel \u00e9difice dans son \u00e9crin de verdure, \u00e9clair\u00e9 le soir.<\/p>\n<p>Texte de Jean-Pierre Miens<\/p>\n<p>Sources :<br \/>Histoire de Mastaing : L&rsquo;\u00e9glise (1945) par l&rsquo;abb\u00e9 Thelliez<br \/>Etude \u00e9tymologique du d\u00e9partement du Nord &#8211; 1861 par E.Maunier<br \/>Archives d\u00e9partementales du Nord \u00e0 Lille s\u00e9rie O.395<\/p>\n<p>[\/et_pb_text][\/et_pb_column][\/et_pb_row][\/et_pb_section]<\/p>\n","protected":false},"excerpt":{"rendered":"<p>L&rsquo;\u00e9glise &nbsp; Une \u00e9glise est attest\u00e9e en 1122, remplac\u00e9e par cet \u00e9difice en pierre blanche du pays, b\u00e2ti par les abbayes de Saint Amand et de Marchiennes, en conservant une partie des fondations primitives. L&rsquo;\u00e9glise a \u00e9t\u00e9 \u00e9lev\u00e9e au milieu d&rsquo;un cimeti\u00e8re fortifi\u00e9, prot\u00e9g\u00e9 de murs, renforc\u00e9 de tourelles, dont deux ont subsist\u00e9. La tour [&hellip;]<\/p>\n","protected":false},"author":1,"featured_media":0,"parent":0,"menu_order":0,"comment_status":"closed","ping_status":"closed","template":"","meta":{"_et_pb_use_builder":"on","_et_pb_old_content":"","_et_gb_content_width":"","footnotes":""},"class_list":["post-184","page","type-page","status-publish","hentry"],"_links":{"self":[{"href":"https:\/\/www.mastaing.fr\/index.php\/wp-json\/wp\/v2\/pages\/184","targetHints":{"allow":["GET"]}}],"collection":[{"href":"https:\/\/www.mastaing.fr\/index.php\/wp-json\/wp\/v2\/pages"}],"about":[{"href":"https:\/\/www.mastaing.fr\/index.php\/wp-json\/wp\/v2\/types\/page"}],"author":[{"embeddable":true,"href":"https:\/\/www.mastaing.fr\/index.php\/wp-json\/wp\/v2\/users\/1"}],"replies":[{"embeddable":true,"href":"https:\/\/www.mastaing.fr\/index.php\/wp-json\/wp\/v2\/comments?post=184"}],"version-history":[{"count":0,"href":"https:\/\/www.mastaing.fr\/index.php\/wp-json\/wp\/v2\/pages\/184\/revisions"}],"wp:attachment":[{"href":"https:\/\/www.mastaing.fr\/index.php\/wp-json\/wp\/v2\/media?parent=184"}],"curies":[{"name":"wp","href":"https:\/\/api.w.org\/{rel}","templated":true}]}}