{"id":149,"date":"2021-04-20T10:45:20","date_gmt":"2021-04-20T08:45:20","guid":{"rendered":"https:\/\/web.mastaing.fr\/?page_id=149"},"modified":"2021-04-20T10:45:20","modified_gmt":"2021-04-20T08:45:20","slug":"salle-des-fetes-2","status":"publish","type":"page","link":"https:\/\/www.mastaing.fr\/index.php\/salle-des-fetes-2\/","title":{"rendered":"Salle des f\u00eates"},"content":{"rendered":"<p>[et_pb_section fb_built=\u00a0\u00bb1&Prime; _builder_version=\u00a0\u00bb4.9.4&Prime; _module_preset=\u00a0\u00bbdefault\u00a0\u00bb][et_pb_row _builder_version=\u00a0\u00bb4.9.4&Prime; _module_preset=\u00a0\u00bbdefault\u00a0\u00bb][et_pb_column type=\u00a0\u00bb4_4&Prime; _builder_version=\u00a0\u00bb4.9.4&Prime; _module_preset=\u00a0\u00bbdefault\u00a0\u00bb][et_pb_text _builder_version=\u00a0\u00bb4.9.10&Prime; _module_preset=\u00a0\u00bbdefault\u00a0\u00bb hover_enabled=\u00a0\u00bb0&Prime; sticky_enabled=\u00a0\u00bb0&Prime;]<\/p>\n<p>Pour toute demande de location de salle, vous pouvez contacter la mairie pour consulter la disponibilit\u00e9 de la salle.<\/p>\n<p>&nbsp;<\/p>\n<p>Toute demande de location de salle doit \u00eatre faite par un courrier adress\u00e9 \u00e0 Monsieur le Maire de Mastaing indiquant les dates souhait\u00e9es pour la r\u00e9servation, le motif de la r\u00e9servation ainsi que le nombre approximatif de convives.<\/p>\n<p>&nbsp;<\/p>\n<p style=\"text-align: center;\">En esp\u00e9rant vous retrouver tr\u00e8s vite<\/p>\n<p>[\/et_pb_text][\/et_pb_column][\/et_pb_row][\/et_pb_section]<\/p>\n","protected":false},"excerpt":{"rendered":"<p>Pour toute demande de location de salle, vous pouvez contacter la mairie pour consulter la disponibilit\u00e9 de la salle. &nbsp; Toute demande de location de salle doit \u00eatre faite par un courrier adress\u00e9 \u00e0 Monsieur le Maire de Mastaing indiquant les dates souhait\u00e9es pour la r\u00e9servation, le motif de la r\u00e9servation ainsi que le nombre [&hellip;]<\/p>\n","protected":false},"author":1,"featured_media":0,"parent":0,"menu_order":0,"comment_status":"closed","ping_status":"closed","template":"","meta":{"_et_pb_use_builder":"on","_et_pb_old_content":"","_et_gb_content_width":"","footnotes":""},"class_list":["post-149","page","type-page","status-publish","hentry"],"_links":{"self":[{"href":"https:\/\/www.mastaing.fr\/index.php\/wp-json\/wp\/v2\/pages\/149","targetHints":{"allow":["GET"]}}],"collection":[{"href":"https:\/\/www.mastaing.fr\/index.php\/wp-json\/wp\/v2\/pages"}],"about":[{"href":"https:\/\/www.mastaing.fr\/index.php\/wp-json\/wp\/v2\/types\/page"}],"author":[{"embeddable":true,"href":"https:\/\/www.mastaing.fr\/index.php\/wp-json\/wp\/v2\/users\/1"}],"replies":[{"embeddable":true,"href":"https:\/\/www.mastaing.fr\/index.php\/wp-json\/wp\/v2\/comments?post=149"}],"version-history":[{"count":0,"href":"https:\/\/www.mastaing.fr\/index.php\/wp-json\/wp\/v2\/pages\/149\/revisions"}],"wp:attachment":[{"href":"https:\/\/www.mastaing.fr\/index.php\/wp-json\/wp\/v2\/media?parent=149"}],"curies":[{"name":"wp","href":"https:\/\/api.w.org\/{rel}","templated":true}]}}